{"id":9183,"date":"2022-08-24T18:19:49","date_gmt":"2022-08-24T18:19:49","guid":{"rendered":"https:\/\/techurate.com\/articles-en-ligne\/"},"modified":"2023-05-02T05:29:39","modified_gmt":"2023-05-02T05:29:39","slug":"nouvelles-hors-ligne","status":"publish","type":"page","link":"https:\/\/techurate.com\/fr\/nouvelles-hors-ligne\/","title":{"rendered":"Nouvelles hors ligne"},"content":{"rendered":"\t\t<div data-elementor-type=\"wp-page\" data-elementor-id=\"9183\" class=\"elementor elementor-9183 elementor-663\" data-elementor-post-type=\"page\">\n\t\t\t\t\t\t<section class=\"elementor-section elementor-top-section elementor-element elementor-element-bf503ac elementor-section-boxed elementor-section-height-default elementor-section-height-default\" data-id=\"bf503ac\" data-element_type=\"section\">\n\t\t\t\t\t\t<div class=\"elementor-container elementor-column-gap-default\">\n\t\t\t\t\t<div class=\"aux-parallax-section elementor-column elementor-col-50 elementor-top-column elementor-element elementor-element-f65b5e9\" data-id=\"f65b5e9\" data-element_type=\"column\">\n\t\t\t<div class=\"elementor-widget-wrap\">\n\t\t\t\t\t\t\t<\/div>\n\t\t<\/div>\n\t\t\t\t<div class=\"aux-parallax-section elementor-column elementor-col-50 elementor-top-column elementor-element elementor-element-453b37d\" data-id=\"453b37d\" data-element_type=\"column\">\n\t\t\t<div class=\"elementor-widget-wrap elementor-element-populated\">\n\t\t\t\t\t\t<div class=\"elementor-element elementor-element-c44e972 elementor-widget elementor-widget-heading\" data-id=\"c44e972\" data-element_type=\"widget\" data-widget_type=\"heading.default\">\n\t\t\t\t<div class=\"elementor-widget-container\">\n\t\t\t<h1 class=\"elementor-heading-title elementor-size-default\">Communiqu\u00e9s<\/h1>\t\t<\/div>\n\t\t\t\t<\/div>\n\t\t\t\t<div class=\"elementor-element elementor-element-8038300 elementor-widget elementor-widget-heading\" data-id=\"8038300\" data-element_type=\"widget\" data-widget_type=\"heading.default\">\n\t\t\t\t<div class=\"elementor-widget-container\">\n\t\t\t<h3 class=\"elementor-heading-title elementor-size-default\">Nouvelles hors ligne<\/h3>\t\t<\/div>\n\t\t\t\t<\/div>\n\t\t\t\t\t<\/div>\n\t\t<\/div>\n\t\t\t\t\t<\/div>\n\t\t<\/section>\n\t\t\t\t<section class=\"elementor-section elementor-top-section elementor-element elementor-element-d7b4a79 elementor-section-boxed elementor-section-height-default elementor-section-height-default\" data-id=\"d7b4a79\" data-element_type=\"section\">\n\t\t\t\t\t\t<div class=\"elementor-container elementor-column-gap-default\">\n\t\t\t\t\t<div class=\"aux-parallax-section elementor-column elementor-col-33 elementor-top-column elementor-element elementor-element-309bc24\" data-id=\"309bc24\" data-element_type=\"column\">\n\t\t\t<div class=\"elementor-widget-wrap elementor-element-populated\">\n\t\t\t\t\t\t<div class=\"elementor-element elementor-element-02c7de3 elementor-widget elementor-widget-heading\" data-id=\"02c7de3\" data-element_type=\"widget\" data-widget_type=\"heading.default\">\n\t\t\t\t<div class=\"elementor-widget-container\">\n\t\t\t<h2 class=\"elementor-heading-title elementor-size-default\">Publi\u00e9 sur Dainik Jagaran<\/h2>\t\t<\/div>\n\t\t\t\t<\/div>\n\t\t\t\t<div class=\"elementor-element elementor-element-9e8959b elementor-widget elementor-widget-text-editor\" data-id=\"9e8959b\" data-element_type=\"widget\" data-widget_type=\"text-editor.default\">\n\t\t\t\t<div class=\"elementor-widget-container\">\n\t\t\t\t\t\t\t<p>Publi\u00e9 le 7 f\u00e9vrier 2022<\/p>\n\t\t\t\t\t\t<\/div>\n\t\t\t\t<\/div>\n\t\t\t\t<div class=\"elementor-element elementor-element-c029af4 elementor-widget elementor-widget-image\" data-id=\"c029af4\" data-element_type=\"widget\" data-widget_type=\"image.default\">\n\t\t\t\t<div class=\"elementor-widget-container\">\n\t\t\t\t\t\t\t\t\t\t\t\t\t\t<a href=\"https:\/\/wordpress-1332968-4879907.cloudwaysapps.com\/wp-content\/uploads\/2022\/09\/4.jpg\" data-elementor-open-lightbox=\"yes\" data-elementor-lightbox-title=\"4\" data-e-action-hash=\"#elementor-action%3Aaction%3Dlightbox%26settings%3DeyJpZCI6Nzg4MSwidXJsIjoiaHR0cHM6XC9cL3RlY2h1cmF0ZS5jb21cL3dwLWNvbnRlbnRcL3VwbG9hZHNcLzIwMjJcLzA5XC80LmpwZyJ9\">\n\t\t\t\t\t\t\t<img decoding=\"async\" width=\"302\" height=\"157\" src=\"https:\/\/techurate.com\/wp-content\/uploads\/2022\/09\/4.jpg\" class=\"attachment-full size-full wp-image-7881\" alt=\"\" srcset=\"https:\/\/techurate.com\/wp-content\/uploads\/2022\/09\/4.jpg 302w, https:\/\/techurate.com\/wp-content\/uploads\/2022\/09\/4-300x157.jpg 300w, https:\/\/techurate.com\/wp-content\/uploads\/2022\/09\/4-200x104.jpg 200w\" sizes=\"(max-width: 302px) 100vw, 302px\" \/>\t\t\t\t\t\t\t\t<\/a>\n\t\t\t\t\t\t\t\t\t\t\t\t\t<\/div>\n\t\t\t\t<\/div>\n\t\t\t\t\t<\/div>\n\t\t<\/div>\n\t\t\t\t<div class=\"aux-parallax-section elementor-column elementor-col-33 elementor-top-column elementor-element elementor-element-fbb7e53\" data-id=\"fbb7e53\" data-element_type=\"column\">\n\t\t\t<div class=\"elementor-widget-wrap elementor-element-populated\">\n\t\t\t\t\t\t<div class=\"elementor-element elementor-element-2e12166 elementor-widget elementor-widget-heading\" data-id=\"2e12166\" data-element_type=\"widget\" data-widget_type=\"heading.default\">\n\t\t\t\t<div class=\"elementor-widget-container\">\n\t\t\t<h2 class=\"elementor-heading-title elementor-size-default\">Publi\u00e9 sur Daily Hunt<\/h2>\t\t<\/div>\n\t\t\t\t<\/div>\n\t\t\t\t<div class=\"elementor-element elementor-element-dc28de2 elementor-widget elementor-widget-text-editor\" data-id=\"dc28de2\" data-element_type=\"widget\" data-widget_type=\"text-editor.default\">\n\t\t\t\t<div class=\"elementor-widget-container\">\n\t\t\t\t\t\t\t<p>Publi\u00e9 le 7 f\u00e9vrier 2022<\/p>\n\t\t\t\t\t\t<\/div>\n\t\t\t\t<\/div>\n\t\t\t\t<div class=\"elementor-element elementor-element-e625612 elementor-widget elementor-widget-image\" data-id=\"e625612\" data-element_type=\"widget\" data-widget_type=\"image.default\">\n\t\t\t\t<div class=\"elementor-widget-container\">\n\t\t\t\t\t\t\t\t\t\t\t\t\t\t<a href=\"https:\/\/wordpress-1332968-4879907.cloudwaysapps.com\/wp-content\/uploads\/2022\/09\/2.jpg\" data-elementor-open-lightbox=\"yes\" data-elementor-lightbox-title=\"2\" data-e-action-hash=\"#elementor-action%3Aaction%3Dlightbox%26settings%3DeyJpZCI6Nzg3OSwidXJsIjoiaHR0cHM6XC9cL3RlY2h1cmF0ZS5jb21cL3dwLWNvbnRlbnRcL3VwbG9hZHNcLzIwMjJcLzA5XC8yLmpwZyJ9\">\n\t\t\t\t\t\t\t<img fetchpriority=\"high\" decoding=\"async\" width=\"269\" height=\"225\" src=\"https:\/\/techurate.com\/wp-content\/uploads\/2022\/09\/2.jpg\" class=\"attachment-full size-full wp-image-7879\" alt=\"\" srcset=\"https:\/\/techurate.com\/wp-content\/uploads\/2022\/09\/2.jpg 269w, https:\/\/techurate.com\/wp-content\/uploads\/2022\/09\/2-200x167.jpg 200w\" sizes=\"(max-width: 269px) 100vw, 269px\" \/>\t\t\t\t\t\t\t\t<\/a>\n\t\t\t\t\t\t\t\t\t\t\t\t\t<\/div>\n\t\t\t\t<\/div>\n\t\t\t\t\t<\/div>\n\t\t<\/div>\n\t\t\t\t<div class=\"aux-parallax-section elementor-column elementor-col-33 elementor-top-column elementor-element elementor-element-464a205\" data-id=\"464a205\" data-element_type=\"column\">\n\t\t\t<div class=\"elementor-widget-wrap elementor-element-populated\">\n\t\t\t\t\t\t<div class=\"elementor-element elementor-element-ad340b7 elementor-widget elementor-widget-heading\" data-id=\"ad340b7\" data-element_type=\"widget\" data-widget_type=\"heading.default\">\n\t\t\t\t<div class=\"elementor-widget-container\">\n\t\t\t<h2 class=\"elementor-heading-title elementor-size-default\">Publi\u00e9 sur Hindustan Times<\/h2>\t\t<\/div>\n\t\t\t\t<\/div>\n\t\t\t\t<div class=\"elementor-element elementor-element-d383065 elementor-widget elementor-widget-text-editor\" data-id=\"d383065\" data-element_type=\"widget\" data-widget_type=\"text-editor.default\">\n\t\t\t\t<div class=\"elementor-widget-container\">\n\t\t\t\t\t\t\t<p>Publi\u00e9 le 7 f\u00e9vrier 2022<\/p>\n\t\t\t\t\t\t<\/div>\n\t\t\t\t<\/div>\n\t\t\t\t<div class=\"elementor-element elementor-element-541f03c elementor-widget elementor-widget-image\" data-id=\"541f03c\" data-element_type=\"widget\" data-widget_type=\"image.default\">\n\t\t\t\t<div class=\"elementor-widget-container\">\n\t\t\t\t\t\t\t\t\t\t\t\t\t\t<a href=\"https:\/\/wordpress-1332968-4879907.cloudwaysapps.com\/wp-content\/uploads\/2022\/09\/1.jpg\" data-elementor-open-lightbox=\"yes\" data-elementor-lightbox-title=\"1\" data-e-action-hash=\"#elementor-action%3Aaction%3Dlightbox%26settings%3DeyJpZCI6Nzg3NywidXJsIjoiaHR0cHM6XC9cL3RlY2h1cmF0ZS5jb21cL3dwLWNvbnRlbnRcL3VwbG9hZHNcLzIwMjJcLzA5XC8xLmpwZyJ9\">\n\t\t\t\t\t\t\t<img decoding=\"async\" width=\"260\" height=\"391\" src=\"https:\/\/techurate.com\/wp-content\/uploads\/2022\/09\/1.jpg\" class=\"attachment-full size-full wp-image-7877\" alt=\"\" srcset=\"https:\/\/techurate.com\/wp-content\/uploads\/2022\/09\/1.jpg 260w, https:\/\/techurate.com\/wp-content\/uploads\/2022\/09\/1-200x301.jpg 200w\" sizes=\"(max-width: 260px) 100vw, 260px\" \/>\t\t\t\t\t\t\t\t<\/a>\n\t\t\t\t\t\t\t\t\t\t\t\t\t<\/div>\n\t\t\t\t<\/div>\n\t\t\t\t\t<\/div>\n\t\t<\/div>\n\t\t\t\t\t<\/div>\n\t\t<\/section>\n\t\t\t\t<section class=\"elementor-section elementor-top-section elementor-element elementor-element-c363398 elementor-section-boxed elementor-section-height-default elementor-section-height-default\" data-id=\"c363398\" data-element_type=\"section\">\n\t\t\t\t\t\t<div class=\"elementor-container elementor-column-gap-default\">\n\t\t\t\t\t<div class=\"aux-parallax-section elementor-column elementor-col-33 elementor-top-column elementor-element elementor-element-08b94f3\" data-id=\"08b94f3\" data-element_type=\"column\">\n\t\t\t<div class=\"elementor-widget-wrap elementor-element-populated\">\n\t\t\t\t\t\t<div class=\"elementor-element elementor-element-d04fd43 elementor-widget elementor-widget-heading\" data-id=\"d04fd43\" data-element_type=\"widget\" data-widget_type=\"heading.default\">\n\t\t\t\t<div class=\"elementor-widget-container\">\n\t\t\t<h2 class=\"elementor-heading-title elementor-size-default\">Publi\u00e9 sur Dainik Jagaran<\/h2>\t\t<\/div>\n\t\t\t\t<\/div>\n\t\t\t\t<div class=\"elementor-element elementor-element-eed8966 elementor-widget elementor-widget-text-editor\" data-id=\"eed8966\" data-element_type=\"widget\" data-widget_type=\"text-editor.default\">\n\t\t\t\t<div class=\"elementor-widget-container\">\n\t\t\t\t\t\t\t<p>Publi\u00e9 le 7 f\u00e9vrier 2022<\/p>\n\t\t\t\t\t\t<\/div>\n\t\t\t\t<\/div>\n\t\t\t\t<div class=\"elementor-element elementor-element-8660637 elementor-widget elementor-widget-image\" data-id=\"8660637\" data-element_type=\"widget\" data-widget_type=\"image.default\">\n\t\t\t\t<div class=\"elementor-widget-container\">\n\t\t\t\t\t\t\t\t\t\t\t\t\t\t<a href=\"https:\/\/wordpress-1332968-4879907.cloudwaysapps.com\/wp-content\/uploads\/2022\/09\/3.jpg\" data-elementor-open-lightbox=\"yes\" data-elementor-lightbox-title=\"3\" data-e-action-hash=\"#elementor-action%3Aaction%3Dlightbox%26settings%3DeyJpZCI6Nzg3NSwidXJsIjoiaHR0cHM6XC9cL3RlY2h1cmF0ZS5jb21cL3dwLWNvbnRlbnRcL3VwbG9hZHNcLzIwMjJcLzA5XC8zLmpwZyJ9\">\n\t\t\t\t\t\t\t<img loading=\"lazy\" decoding=\"async\" width=\"319\" height=\"275\" src=\"https:\/\/techurate.com\/wp-content\/uploads\/2022\/09\/3.jpg\" class=\"attachment-full size-full wp-image-7875\" alt=\"\" srcset=\"https:\/\/techurate.com\/wp-content\/uploads\/2022\/09\/3.jpg 319w, https:\/\/techurate.com\/wp-content\/uploads\/2022\/09\/3-200x172.jpg 200w\" sizes=\"(max-width: 319px) 100vw, 319px\" \/>\t\t\t\t\t\t\t\t<\/a>\n\t\t\t\t\t\t\t\t\t\t\t\t\t<\/div>\n\t\t\t\t<\/div>\n\t\t\t\t\t<\/div>\n\t\t<\/div>\n\t\t\t\t<div class=\"aux-parallax-section elementor-column elementor-col-33 elementor-top-column elementor-element elementor-element-e10242e\" data-id=\"e10242e\" data-element_type=\"column\">\n\t\t\t<div class=\"elementor-widget-wrap\">\n\t\t\t\t\t\t\t<\/div>\n\t\t<\/div>\n\t\t\t\t<div class=\"aux-parallax-section elementor-column elementor-col-33 elementor-top-column elementor-element elementor-element-a85acaf\" data-id=\"a85acaf\" data-element_type=\"column\">\n\t\t\t<div class=\"elementor-widget-wrap\">\n\t\t\t\t\t\t\t<\/div>\n\t\t<\/div>\n\t\t\t\t\t<\/div>\n\t\t<\/section>\n\t\t\t\t<\/div>\n\t\t","protected":false},"excerpt":{"rendered":"<p>Communiqu\u00e9s Nouvelles hors ligne Publi\u00e9 sur Dainik Jagaran Publi\u00e9 le 7 f\u00e9vrier 2022 Publi\u00e9 sur Daily Hunt Publi\u00e9 le 7 f\u00e9vrier 2022 Publi\u00e9 sur Hindustan Times Publi\u00e9 le 7 f\u00e9vrier 2022 Publi\u00e9 sur Dainik Jagaran Publi\u00e9 le 7 f\u00e9vrier 2022<\/p>\n","protected":false},"author":1,"featured_media":0,"parent":0,"menu_order":0,"comment_status":"closed","ping_status":"closed","template":"","meta":{"footnotes":""},"class_list":["post-9183","page","type-page","status-publish","hentry"],"yoast_head":"<!-- This site is optimized with the Yoast SEO plugin v23.8 - https:\/\/yoast.com\/wordpress\/plugins\/seo\/ -->\n<title>Offline Articles - Get Tech Insights and Trends on the Go<\/title>\n<meta name=\"description\" content=\"Techurate&#039;s offline articles provide you with expert insights and analysis on the latest technology trends and innovations even when you&#039;re not connected to the internet.\" \/>\n<meta name=\"robots\" content=\"index, follow, max-snippet:-1, max-image-preview:large, max-video-preview:-1\" \/>\n<link rel=\"canonical\" href=\"https:\/\/techurate.com\/fr\/nouvelles-hors-ligne\/\" \/>\n<meta property=\"og:locale\" content=\"fr_FR\" \/>\n<meta property=\"og:type\" content=\"article\" \/>\n<meta property=\"og:title\" content=\"Offline Articles - Get Tech Insights and Trends on the Go\" \/>\n<meta property=\"og:description\" content=\"Techurate&#039;s offline articles provide you with expert insights and analysis on the latest technology trends and innovations even when you&#039;re not connected to the internet.\" \/>\n<meta property=\"og:url\" content=\"https:\/\/techurate.com\/fr\/nouvelles-hors-ligne\/\" \/>\n<meta property=\"og:site_name\" content=\"Techurate\" \/>\n<meta property=\"article:modified_time\" content=\"2023-05-02T05:29:39+00:00\" \/>\n<meta property=\"og:image\" content=\"https:\/\/techurate.com\/wp-content\/uploads\/2022\/09\/4.jpg\" \/>\n<meta name=\"twitter:card\" content=\"summary_large_image\" \/>\n<meta name=\"twitter:label1\" content=\"Dur\u00e9e de lecture estim\u00e9e\" \/>\n\t<meta name=\"twitter:data1\" content=\"1 minute\" \/>\n<script type=\"application\/ld+json\" class=\"yoast-schema-graph\">{\"@context\":\"https:\/\/schema.org\",\"@graph\":[{\"@type\":\"WebPage\",\"@id\":\"https:\/\/techurate.com\/fr\/nouvelles-hors-ligne\/\",\"url\":\"https:\/\/techurate.com\/fr\/nouvelles-hors-ligne\/\",\"name\":\"Offline Articles - Get Tech Insights and Trends on the Go\",\"isPartOf\":{\"@id\":\"https:\/\/techurate.com\/fr\/#website\"},\"primaryImageOfPage\":{\"@id\":\"https:\/\/techurate.com\/fr\/nouvelles-hors-ligne\/#primaryimage\"},\"image\":{\"@id\":\"https:\/\/techurate.com\/fr\/nouvelles-hors-ligne\/#primaryimage\"},\"thumbnailUrl\":\"https:\/\/techurate.com\/wp-content\/uploads\/2022\/09\/4.jpg\",\"datePublished\":\"2022-08-24T18:19:49+00:00\",\"dateModified\":\"2023-05-02T05:29:39+00:00\",\"description\":\"Techurate's offline articles provide you with expert insights and analysis on the latest technology trends and innovations even when you're not connected to the internet.\",\"breadcrumb\":{\"@id\":\"https:\/\/techurate.com\/fr\/nouvelles-hors-ligne\/#breadcrumb\"},\"inLanguage\":\"fr-FR\",\"potentialAction\":[{\"@type\":\"ReadAction\",\"target\":[\"https:\/\/techurate.com\/fr\/nouvelles-hors-ligne\/\"]}]},{\"@type\":\"ImageObject\",\"inLanguage\":\"fr-FR\",\"@id\":\"https:\/\/techurate.com\/fr\/nouvelles-hors-ligne\/#primaryimage\",\"url\":\"https:\/\/techurate.com\/wp-content\/uploads\/2022\/09\/4.jpg\",\"contentUrl\":\"https:\/\/techurate.com\/wp-content\/uploads\/2022\/09\/4.jpg\"},{\"@type\":\"BreadcrumbList\",\"@id\":\"https:\/\/techurate.com\/fr\/nouvelles-hors-ligne\/#breadcrumb\",\"itemListElement\":[{\"@type\":\"ListItem\",\"position\":1,\"name\":\"Home\",\"item\":\"https:\/\/techurate.com\/fr\/\"},{\"@type\":\"ListItem\",\"position\":2,\"name\":\"Nouvelles hors ligne\"}]},{\"@type\":\"WebSite\",\"@id\":\"https:\/\/techurate.com\/fr\/#website\",\"url\":\"https:\/\/techurate.com\/fr\/\",\"name\":\"Techurate\",\"description\":\"Trusted Digital Banking Universe\",\"publisher\":{\"@id\":\"https:\/\/techurate.com\/fr\/#organization\"},\"potentialAction\":[{\"@type\":\"SearchAction\",\"target\":{\"@type\":\"EntryPoint\",\"urlTemplate\":\"https:\/\/techurate.com\/fr\/?s={search_term_string}\"},\"query-input\":{\"@type\":\"PropertyValueSpecification\",\"valueRequired\":true,\"valueName\":\"search_term_string\"}}],\"inLanguage\":\"fr-FR\"},{\"@type\":\"Organization\",\"@id\":\"https:\/\/techurate.com\/fr\/#organization\",\"name\":\"techurate\",\"url\":\"https:\/\/techurate.com\/fr\/\",\"logo\":{\"@type\":\"ImageObject\",\"inLanguage\":\"fr-FR\",\"@id\":\"https:\/\/techurate.com\/fr\/#\/schema\/logo\/image\/\",\"url\":\"https:\/\/techurate.com\/wp-content\/uploads\/2022\/10\/techurate.png\",\"contentUrl\":\"https:\/\/techurate.com\/wp-content\/uploads\/2022\/10\/techurate.png\",\"width\":200,\"height\":70,\"caption\":\"techurate\"},\"image\":{\"@id\":\"https:\/\/techurate.com\/fr\/#\/schema\/logo\/image\/\"}}]}<\/script>\n<!-- \/ Yoast SEO plugin. -->","yoast_head_json":{"title":"Offline Articles - Get Tech Insights and Trends on the Go","description":"Techurate's offline articles provide you with expert insights and analysis on the latest technology trends and innovations even when you're not connected to the internet.","robots":{"index":"index","follow":"follow","max-snippet":"max-snippet:-1","max-image-preview":"max-image-preview:large","max-video-preview":"max-video-preview:-1"},"canonical":"https:\/\/techurate.com\/fr\/nouvelles-hors-ligne\/","og_locale":"fr_FR","og_type":"article","og_title":"Offline Articles - Get Tech Insights and Trends on the Go","og_description":"Techurate's offline articles provide you with expert insights and analysis on the latest technology trends and innovations even when you're not connected to the internet.","og_url":"https:\/\/techurate.com\/fr\/nouvelles-hors-ligne\/","og_site_name":"Techurate","article_modified_time":"2023-05-02T05:29:39+00:00","og_image":[{"url":"https:\/\/techurate.com\/wp-content\/uploads\/2022\/09\/4.jpg"}],"twitter_card":"summary_large_image","twitter_misc":{"Dur\u00e9e de lecture estim\u00e9e":"1 minute"},"schema":{"@context":"https:\/\/schema.org","@graph":[{"@type":"WebPage","@id":"https:\/\/techurate.com\/fr\/nouvelles-hors-ligne\/","url":"https:\/\/techurate.com\/fr\/nouvelles-hors-ligne\/","name":"Offline Articles - Get Tech Insights and Trends on the Go","isPartOf":{"@id":"https:\/\/techurate.com\/fr\/#website"},"primaryImageOfPage":{"@id":"https:\/\/techurate.com\/fr\/nouvelles-hors-ligne\/#primaryimage"},"image":{"@id":"https:\/\/techurate.com\/fr\/nouvelles-hors-ligne\/#primaryimage"},"thumbnailUrl":"https:\/\/techurate.com\/wp-content\/uploads\/2022\/09\/4.jpg","datePublished":"2022-08-24T18:19:49+00:00","dateModified":"2023-05-02T05:29:39+00:00","description":"Techurate's offline articles provide you with expert insights and analysis on the latest technology trends and innovations even when you're not connected to the internet.","breadcrumb":{"@id":"https:\/\/techurate.com\/fr\/nouvelles-hors-ligne\/#breadcrumb"},"inLanguage":"fr-FR","potentialAction":[{"@type":"ReadAction","target":["https:\/\/techurate.com\/fr\/nouvelles-hors-ligne\/"]}]},{"@type":"ImageObject","inLanguage":"fr-FR","@id":"https:\/\/techurate.com\/fr\/nouvelles-hors-ligne\/#primaryimage","url":"https:\/\/techurate.com\/wp-content\/uploads\/2022\/09\/4.jpg","contentUrl":"https:\/\/techurate.com\/wp-content\/uploads\/2022\/09\/4.jpg"},{"@type":"BreadcrumbList","@id":"https:\/\/techurate.com\/fr\/nouvelles-hors-ligne\/#breadcrumb","itemListElement":[{"@type":"ListItem","position":1,"name":"Home","item":"https:\/\/techurate.com\/fr\/"},{"@type":"ListItem","position":2,"name":"Nouvelles hors ligne"}]},{"@type":"WebSite","@id":"https:\/\/techurate.com\/fr\/#website","url":"https:\/\/techurate.com\/fr\/","name":"Techurate","description":"Trusted Digital Banking Universe","publisher":{"@id":"https:\/\/techurate.com\/fr\/#organization"},"potentialAction":[{"@type":"SearchAction","target":{"@type":"EntryPoint","urlTemplate":"https:\/\/techurate.com\/fr\/?s={search_term_string}"},"query-input":{"@type":"PropertyValueSpecification","valueRequired":true,"valueName":"search_term_string"}}],"inLanguage":"fr-FR"},{"@type":"Organization","@id":"https:\/\/techurate.com\/fr\/#organization","name":"techurate","url":"https:\/\/techurate.com\/fr\/","logo":{"@type":"ImageObject","inLanguage":"fr-FR","@id":"https:\/\/techurate.com\/fr\/#\/schema\/logo\/image\/","url":"https:\/\/techurate.com\/wp-content\/uploads\/2022\/10\/techurate.png","contentUrl":"https:\/\/techurate.com\/wp-content\/uploads\/2022\/10\/techurate.png","width":200,"height":70,"caption":"techurate"},"image":{"@id":"https:\/\/techurate.com\/fr\/#\/schema\/logo\/image\/"}}]}},"_links":{"self":[{"href":"https:\/\/techurate.com\/fr\/wp-json\/wp\/v2\/pages\/9183","targetHints":{"allow":["GET"]}}],"collection":[{"href":"https:\/\/techurate.com\/fr\/wp-json\/wp\/v2\/pages"}],"about":[{"href":"https:\/\/techurate.com\/fr\/wp-json\/wp\/v2\/types\/page"}],"author":[{"embeddable":true,"href":"https:\/\/techurate.com\/fr\/wp-json\/wp\/v2\/users\/1"}],"replies":[{"embeddable":true,"href":"https:\/\/techurate.com\/fr\/wp-json\/wp\/v2\/comments?post=9183"}],"version-history":[{"count":2,"href":"https:\/\/techurate.com\/fr\/wp-json\/wp\/v2\/pages\/9183\/revisions"}],"predecessor-version":[{"id":9229,"href":"https:\/\/techurate.com\/fr\/wp-json\/wp\/v2\/pages\/9183\/revisions\/9229"}],"wp:attachment":[{"href":"https:\/\/techurate.com\/fr\/wp-json\/wp\/v2\/media?parent=9183"}],"curies":[{"name":"wp","href":"https:\/\/api.w.org\/{rel}","templated":true}]}}