{"id":8396,"date":"2022-08-18T19:54:40","date_gmt":"2022-08-18T19:54:40","guid":{"rendered":"https:\/\/techurate.com\/produits\/"},"modified":"2023-05-02T05:23:09","modified_gmt":"2023-05-02T05:23:09","slug":"produits","status":"publish","type":"page","link":"https:\/\/techurate.com\/fr\/produits\/","title":{"rendered":"Produits"},"content":{"rendered":"\t\t<div data-elementor-type=\"wp-page\" data-elementor-id=\"8396\" class=\"elementor elementor-8396 elementor-125\" data-elementor-post-type=\"page\">\n\t\t\t\t\t\t<section class=\"elementor-section elementor-top-section elementor-element elementor-element-7e6bcda elementor-section-boxed elementor-section-height-default elementor-section-height-default\" data-id=\"7e6bcda\" data-element_type=\"section\">\n\t\t\t\t\t\t<div class=\"elementor-container elementor-column-gap-default\">\n\t\t\t\t\t<div class=\"aux-parallax-section elementor-column elementor-col-100 elementor-top-column elementor-element elementor-element-12722ee\" data-id=\"12722ee\" data-element_type=\"column\">\n\t\t\t<div class=\"elementor-widget-wrap\">\n\t\t\t\t\t\t\t<\/div>\n\t\t<\/div>\n\t\t\t\t\t<\/div>\n\t\t<\/section>\n\t\t\t\t<section class=\"elementor-section elementor-top-section elementor-element elementor-element-bf2d5e0 elementor-section-content-middle elementor-section-boxed elementor-section-height-default elementor-section-height-default\" data-id=\"bf2d5e0\" data-element_type=\"section\">\n\t\t\t\t\t\t<div class=\"elementor-container elementor-column-gap-no\">\n\t\t\t\t\t<div class=\"aux-parallax-section elementor-column elementor-col-33 elementor-top-column elementor-element elementor-element-609fd776\" data-id=\"609fd776\" data-element_type=\"column\">\n\t\t\t<div class=\"elementor-widget-wrap elementor-element-populated\">\n\t\t\t\t\t\t<div class=\"elementor-element elementor-element-75b39b9d elementor-widget elementor-widget-heading\" data-id=\"75b39b9d\" data-element_type=\"widget\" data-widget_type=\"heading.default\">\n\t\t\t\t<div class=\"elementor-widget-container\">\n\t\t\t<h3 class=\"elementor-heading-title elementor-size-default\">Nos produits<\/h3>\t\t<\/div>\n\t\t\t\t<\/div>\n\t\t\t\t<div class=\"elementor-element elementor-element-2d510a10 elementor-widget elementor-widget-image\" data-id=\"2d510a10\" data-element_type=\"widget\" data-widget_type=\"image.default\">\n\t\t\t\t<div class=\"elementor-widget-container\">\n\t\t\t\t\t\t\t\t\t\t\t\t\t<img fetchpriority=\"high\" decoding=\"async\" width=\"526\" height=\"538\" src=\"https:\/\/techurate.com\/wp-content\/uploads\/2022\/08\/omni.svg\" class=\"elementor-animation-grow attachment-large size-large wp-image-7455\" alt=\"\" \/>\t\t\t\t\t\t\t\t\t\t\t\t\t<\/div>\n\t\t\t\t<\/div>\n\t\t\t\t\t<\/div>\n\t\t<\/div>\n\t\t\t\t<div class=\"aux-parallax-section elementor-column elementor-col-33 elementor-top-column elementor-element elementor-element-94dcbd2\" data-id=\"94dcbd2\" data-element_type=\"column\">\n\t\t\t<div class=\"elementor-widget-wrap elementor-element-populated\">\n\t\t\t\t\t\t<div class=\"elementor-element elementor-element-60cb5e61 elementor-widget elementor-widget-image\" data-id=\"60cb5e61\" data-element_type=\"widget\" data-widget_type=\"image.default\">\n\t\t\t\t<div class=\"elementor-widget-container\">\n\t\t\t\t\t\t\t\t\t\t\t\t\t<img decoding=\"async\" width=\"581\" height=\"431\" src=\"https:\/\/techurate.com\/wp-content\/uploads\/2022\/08\/branch.svg\" class=\"elementor-animation-grow attachment-large size-large wp-image-7457\" alt=\"\" \/>\t\t\t\t\t\t\t\t\t\t\t\t\t<\/div>\n\t\t\t\t<\/div>\n\t\t\t\t\t<\/div>\n\t\t<\/div>\n\t\t\t\t<div class=\"aux-parallax-section elementor-column elementor-col-33 elementor-top-column elementor-element elementor-element-5bfc1b01\" data-id=\"5bfc1b01\" data-element_type=\"column\">\n\t\t\t<div class=\"elementor-widget-wrap elementor-element-populated\">\n\t\t\t\t\t\t<div class=\"elementor-element elementor-element-7faae084 elementor-widget elementor-widget-image\" data-id=\"7faae084\" data-element_type=\"widget\" data-widget_type=\"image.default\">\n\t\t\t\t<div class=\"elementor-widget-container\">\n\t\t\t\t\t\t\t\t\t\t\t\t\t<img decoding=\"async\" width=\"566\" height=\"533\" src=\"https:\/\/techurate.com\/wp-content\/uploads\/2022\/08\/integ.svg\" class=\"elementor-animation-grow attachment-full size-full wp-image-7459\" alt=\"\" \/>\t\t\t\t\t\t\t\t\t\t\t\t\t<\/div>\n\t\t\t\t<\/div>\n\t\t\t\t\t<\/div>\n\t\t<\/div>\n\t\t\t\t\t<\/div>\n\t\t<\/section>\n\t\t\t\t<\/div>\n\t\t","protected":false},"excerpt":{"rendered":"<p>Nos produits<\/p>\n","protected":false},"author":1,"featured_media":0,"parent":0,"menu_order":0,"comment_status":"closed","ping_status":"closed","template":"templates\/page-builder-content.php","meta":{"footnotes":""},"class_list":["post-8396","page","type-page","status-publish","hentry"],"yoast_head":"<!-- This site is optimized with the Yoast SEO plugin v23.8 - https:\/\/yoast.com\/wordpress\/plugins\/seo\/ -->\n<title>Produits - Techurate<\/title>\n<meta name=\"description\" content=\"Techurate est un fournisseur unique de solutions bancaires num\u00e9riques, avec la meilleure m\u00e9thodologie de d\u00e9veloppement de produits de sa cat\u00e9gorie et un groupe d&#039;experts en technologies de pointe.\" \/>\n<meta name=\"robots\" content=\"index, follow, max-snippet:-1, max-image-preview:large, max-video-preview:-1\" \/>\n<link rel=\"canonical\" href=\"https:\/\/techurate.com\/fr\/produits\/\" \/>\n<meta property=\"og:locale\" content=\"fr_FR\" \/>\n<meta property=\"og:type\" content=\"article\" \/>\n<meta property=\"og:title\" content=\"Produits - Techurate\" \/>\n<meta property=\"og:description\" content=\"Techurate est un fournisseur unique de solutions bancaires num\u00e9riques, avec la meilleure m\u00e9thodologie de d\u00e9veloppement de produits de sa cat\u00e9gorie et un groupe d&#039;experts en technologies de pointe.\" \/>\n<meta property=\"og:url\" content=\"https:\/\/techurate.com\/fr\/produits\/\" \/>\n<meta property=\"og:site_name\" content=\"Techurate\" \/>\n<meta property=\"article:modified_time\" content=\"2023-05-02T05:23:09+00:00\" \/>\n<meta property=\"og:image\" content=\"https:\/\/techurate.com\/wp-content\/uploads\/2022\/08\/omni.svg\" \/>\n<meta name=\"twitter:card\" content=\"summary_large_image\" \/>\n<script type=\"application\/ld+json\" class=\"yoast-schema-graph\">{\"@context\":\"https:\/\/schema.org\",\"@graph\":[{\"@type\":\"WebPage\",\"@id\":\"https:\/\/techurate.com\/fr\/produits\/\",\"url\":\"https:\/\/techurate.com\/fr\/produits\/\",\"name\":\"Produits - Techurate\",\"isPartOf\":{\"@id\":\"https:\/\/techurate.com\/fr\/#website\"},\"primaryImageOfPage\":{\"@id\":\"https:\/\/techurate.com\/fr\/produits\/#primaryimage\"},\"image\":{\"@id\":\"https:\/\/techurate.com\/fr\/produits\/#primaryimage\"},\"thumbnailUrl\":\"https:\/\/techurate.com\/wp-content\/uploads\/2022\/08\/omni.svg\",\"datePublished\":\"2022-08-18T19:54:40+00:00\",\"dateModified\":\"2023-05-02T05:23:09+00:00\",\"description\":\"Techurate est un fournisseur unique de solutions bancaires num\u00e9riques, avec la meilleure m\u00e9thodologie de d\u00e9veloppement de produits de sa cat\u00e9gorie et un groupe d'experts en technologies de pointe.\",\"breadcrumb\":{\"@id\":\"https:\/\/techurate.com\/fr\/produits\/#breadcrumb\"},\"inLanguage\":\"fr-FR\",\"potentialAction\":[{\"@type\":\"ReadAction\",\"target\":[\"https:\/\/techurate.com\/fr\/produits\/\"]}]},{\"@type\":\"ImageObject\",\"inLanguage\":\"fr-FR\",\"@id\":\"https:\/\/techurate.com\/fr\/produits\/#primaryimage\",\"url\":\"https:\/\/techurate.com\/wp-content\/uploads\/2022\/08\/omni.svg\",\"contentUrl\":\"https:\/\/techurate.com\/wp-content\/uploads\/2022\/08\/omni.svg\"},{\"@type\":\"BreadcrumbList\",\"@id\":\"https:\/\/techurate.com\/fr\/produits\/#breadcrumb\",\"itemListElement\":[{\"@type\":\"ListItem\",\"position\":1,\"name\":\"Home\",\"item\":\"https:\/\/techurate.com\/fr\/\"},{\"@type\":\"ListItem\",\"position\":2,\"name\":\"Produits\"}]},{\"@type\":\"WebSite\",\"@id\":\"https:\/\/techurate.com\/fr\/#website\",\"url\":\"https:\/\/techurate.com\/fr\/\",\"name\":\"Techurate\",\"description\":\"Trusted Digital Banking Universe\",\"publisher\":{\"@id\":\"https:\/\/techurate.com\/fr\/#organization\"},\"potentialAction\":[{\"@type\":\"SearchAction\",\"target\":{\"@type\":\"EntryPoint\",\"urlTemplate\":\"https:\/\/techurate.com\/fr\/?s={search_term_string}\"},\"query-input\":{\"@type\":\"PropertyValueSpecification\",\"valueRequired\":true,\"valueName\":\"search_term_string\"}}],\"inLanguage\":\"fr-FR\"},{\"@type\":\"Organization\",\"@id\":\"https:\/\/techurate.com\/fr\/#organization\",\"name\":\"techurate\",\"url\":\"https:\/\/techurate.com\/fr\/\",\"logo\":{\"@type\":\"ImageObject\",\"inLanguage\":\"fr-FR\",\"@id\":\"https:\/\/techurate.com\/fr\/#\/schema\/logo\/image\/\",\"url\":\"https:\/\/techurate.com\/wp-content\/uploads\/2022\/10\/techurate.png\",\"contentUrl\":\"https:\/\/techurate.com\/wp-content\/uploads\/2022\/10\/techurate.png\",\"width\":200,\"height\":70,\"caption\":\"techurate\"},\"image\":{\"@id\":\"https:\/\/techurate.com\/fr\/#\/schema\/logo\/image\/\"}}]}<\/script>\n<!-- \/ Yoast SEO plugin. -->","yoast_head_json":{"title":"Produits - Techurate","description":"Techurate est un fournisseur unique de solutions bancaires num\u00e9riques, avec la meilleure m\u00e9thodologie de d\u00e9veloppement de produits de sa cat\u00e9gorie et un groupe d'experts en technologies de pointe.","robots":{"index":"index","follow":"follow","max-snippet":"max-snippet:-1","max-image-preview":"max-image-preview:large","max-video-preview":"max-video-preview:-1"},"canonical":"https:\/\/techurate.com\/fr\/produits\/","og_locale":"fr_FR","og_type":"article","og_title":"Produits - Techurate","og_description":"Techurate est un fournisseur unique de solutions bancaires num\u00e9riques, avec la meilleure m\u00e9thodologie de d\u00e9veloppement de produits de sa cat\u00e9gorie et un groupe d'experts en technologies de pointe.","og_url":"https:\/\/techurate.com\/fr\/produits\/","og_site_name":"Techurate","article_modified_time":"2023-05-02T05:23:09+00:00","og_image":[{"url":"https:\/\/techurate.com\/wp-content\/uploads\/2022\/08\/omni.svg"}],"twitter_card":"summary_large_image","schema":{"@context":"https:\/\/schema.org","@graph":[{"@type":"WebPage","@id":"https:\/\/techurate.com\/fr\/produits\/","url":"https:\/\/techurate.com\/fr\/produits\/","name":"Produits - Techurate","isPartOf":{"@id":"https:\/\/techurate.com\/fr\/#website"},"primaryImageOfPage":{"@id":"https:\/\/techurate.com\/fr\/produits\/#primaryimage"},"image":{"@id":"https:\/\/techurate.com\/fr\/produits\/#primaryimage"},"thumbnailUrl":"https:\/\/techurate.com\/wp-content\/uploads\/2022\/08\/omni.svg","datePublished":"2022-08-18T19:54:40+00:00","dateModified":"2023-05-02T05:23:09+00:00","description":"Techurate est un fournisseur unique de solutions bancaires num\u00e9riques, avec la meilleure m\u00e9thodologie de d\u00e9veloppement de produits de sa cat\u00e9gorie et un groupe d'experts en technologies de pointe.","breadcrumb":{"@id":"https:\/\/techurate.com\/fr\/produits\/#breadcrumb"},"inLanguage":"fr-FR","potentialAction":[{"@type":"ReadAction","target":["https:\/\/techurate.com\/fr\/produits\/"]}]},{"@type":"ImageObject","inLanguage":"fr-FR","@id":"https:\/\/techurate.com\/fr\/produits\/#primaryimage","url":"https:\/\/techurate.com\/wp-content\/uploads\/2022\/08\/omni.svg","contentUrl":"https:\/\/techurate.com\/wp-content\/uploads\/2022\/08\/omni.svg"},{"@type":"BreadcrumbList","@id":"https:\/\/techurate.com\/fr\/produits\/#breadcrumb","itemListElement":[{"@type":"ListItem","position":1,"name":"Home","item":"https:\/\/techurate.com\/fr\/"},{"@type":"ListItem","position":2,"name":"Produits"}]},{"@type":"WebSite","@id":"https:\/\/techurate.com\/fr\/#website","url":"https:\/\/techurate.com\/fr\/","name":"Techurate","description":"Trusted Digital Banking Universe","publisher":{"@id":"https:\/\/techurate.com\/fr\/#organization"},"potentialAction":[{"@type":"SearchAction","target":{"@type":"EntryPoint","urlTemplate":"https:\/\/techurate.com\/fr\/?s={search_term_string}"},"query-input":{"@type":"PropertyValueSpecification","valueRequired":true,"valueName":"search_term_string"}}],"inLanguage":"fr-FR"},{"@type":"Organization","@id":"https:\/\/techurate.com\/fr\/#organization","name":"techurate","url":"https:\/\/techurate.com\/fr\/","logo":{"@type":"ImageObject","inLanguage":"fr-FR","@id":"https:\/\/techurate.com\/fr\/#\/schema\/logo\/image\/","url":"https:\/\/techurate.com\/wp-content\/uploads\/2022\/10\/techurate.png","contentUrl":"https:\/\/techurate.com\/wp-content\/uploads\/2022\/10\/techurate.png","width":200,"height":70,"caption":"techurate"},"image":{"@id":"https:\/\/techurate.com\/fr\/#\/schema\/logo\/image\/"}}]}},"_links":{"self":[{"href":"https:\/\/techurate.com\/fr\/wp-json\/wp\/v2\/pages\/8396","targetHints":{"allow":["GET"]}}],"collection":[{"href":"https:\/\/techurate.com\/fr\/wp-json\/wp\/v2\/pages"}],"about":[{"href":"https:\/\/techurate.com\/fr\/wp-json\/wp\/v2\/types\/page"}],"author":[{"embeddable":true,"href":"https:\/\/techurate.com\/fr\/wp-json\/wp\/v2\/users\/1"}],"replies":[{"embeddable":true,"href":"https:\/\/techurate.com\/fr\/wp-json\/wp\/v2\/comments?post=8396"}],"version-history":[{"count":2,"href":"https:\/\/techurate.com\/fr\/wp-json\/wp\/v2\/pages\/8396\/revisions"}],"predecessor-version":[{"id":8408,"href":"https:\/\/techurate.com\/fr\/wp-json\/wp\/v2\/pages\/8396\/revisions\/8408"}],"wp:attachment":[{"href":"https:\/\/techurate.com\/fr\/wp-json\/wp\/v2\/media?parent=8396"}],"curies":[{"name":"wp","href":"https:\/\/api.w.org\/{rel}","templated":true}]}}