{"id":7051,"date":"2022-09-21T15:14:12","date_gmt":"2022-09-21T15:14:12","guid":{"rendered":"https:\/\/techurate.com\/zanaco-implanta-el-sistema-recons-de-techurate\/"},"modified":"2023-03-01T14:58:03","modified_gmt":"2023-03-01T14:58:03","slug":"zanaco-implanta-el-sistema-recons-de-techurate","status":"publish","type":"page","link":"https:\/\/techurate.com\/es\/zanaco-implanta-el-sistema-recons-de-techurate\/","title":{"rendered":"Zanaco implanta el sistema Recons de Techurate"},"content":{"rendered":"\t\t<div data-elementor-type=\"wp-page\" data-elementor-id=\"7051\" class=\"elementor elementor-7051 elementor-1859\" data-elementor-post-type=\"page\">\n\t\t\t\t\t\t<section class=\"elementor-section elementor-top-section elementor-element elementor-element-636e240 elementor-section-boxed elementor-section-height-default elementor-section-height-default\" data-id=\"636e240\" data-element_type=\"section\">\n\t\t\t\t\t\t<div class=\"elementor-container elementor-column-gap-default\">\n\t\t\t\t\t<div class=\"aux-parallax-section elementor-column elementor-col-100 elementor-top-column elementor-element elementor-element-aa65bdb\" data-id=\"aa65bdb\" data-element_type=\"column\">\n\t\t\t<div class=\"elementor-widget-wrap elementor-element-populated\">\n\t\t\t\t\t\t<div class=\"elementor-element elementor-element-9401129 elementor-widget elementor-widget-heading\" data-id=\"9401129\" data-element_type=\"widget\" data-widget_type=\"heading.default\">\n\t\t\t\t<div class=\"elementor-widget-container\">\n\t\t\t<h1 class=\"elementor-heading-title elementor-size-default\">Zanaco implanta el sistema Recons de Techurate<\/h1>\t\t<\/div>\n\t\t\t\t<\/div>\n\t\t\t\t<div class=\"elementor-element elementor-element-8d856f1 elementor-widget elementor-widget-text-editor\" data-id=\"8d856f1\" data-element_type=\"widget\" data-widget_type=\"text-editor.default\">\n\t\t\t\t<div class=\"elementor-widget-container\">\n\t\t\t\t\t\t\t<p>Publicado el 7 de febrero de 2022<\/p>\n\t\t\t\t\t\t<\/div>\n\t\t\t\t<\/div>\n\t\t\t\t\t<\/div>\n\t\t<\/div>\n\t\t\t\t\t<\/div>\n\t\t<\/section>\n\t\t\t\t<section class=\"elementor-section elementor-top-section elementor-element elementor-element-016a0a7 elementor-section-boxed elementor-section-height-default elementor-section-height-default\" data-id=\"016a0a7\" data-element_type=\"section\">\n\t\t\t\t\t\t<div class=\"elementor-container elementor-column-gap-default\">\n\t\t\t\t\t<div class=\"aux-parallax-section elementor-column elementor-col-100 elementor-top-column elementor-element elementor-element-87ce95c\" data-id=\"87ce95c\" data-element_type=\"column\">\n\t\t\t<div class=\"elementor-widget-wrap elementor-element-populated\">\n\t\t\t\t\t\t<div class=\"elementor-element elementor-element-117d2f0 elementor-widget elementor-widget-text-editor\" data-id=\"117d2f0\" data-element_type=\"widget\" data-widget_type=\"text-editor.default\">\n\t\t\t\t<div class=\"elementor-widget-container\">\n\t\t\t\t\t\t\t<p>Zambia National Commercial Bank Plc, conocido com\u00fanmente por el nombre de \u00abZanaco\u00bb, es un banco comercial que presta servicios a clientes minoristas, grandes empresas, empresas agr\u00edcolas y clientes del sector p\u00fablico en Zambia. Con la ayuda de Rabobank, una multinacional holandesa de servicios bancarios y financieros, que presta servicios de gesti\u00f3n y asistencia t\u00e9cnica, Zanaco es ahora uno de los bancos m\u00e1s s\u00f3lidamente capitalizados de Zambia. El Zambia National Commercial Bank Plc se fund\u00f3 en 1969 y tiene su sede en Lusaka (Zambia).<\/p>\n\t\t\t\t\t\t<\/div>\n\t\t\t\t<\/div>\n\t\t\t\t\t<\/div>\n\t\t<\/div>\n\t\t\t\t\t<\/div>\n\t\t<\/section>\n\t\t\t\t<section class=\"elementor-section elementor-top-section elementor-element elementor-element-c1569b6 elementor-section-boxed elementor-section-height-default elementor-section-height-default\" data-id=\"c1569b6\" data-element_type=\"section\">\n\t\t\t\t\t\t<div class=\"elementor-container elementor-column-gap-default\">\n\t\t\t\t\t<div class=\"aux-parallax-section elementor-column elementor-col-33 elementor-top-column elementor-element elementor-element-ac71075\" data-id=\"ac71075\" data-element_type=\"column\">\n\t\t\t<div class=\"elementor-widget-wrap elementor-element-populated\">\n\t\t\t\t\t\t<div class=\"elementor-element elementor-element-93f7133 elementor-widget elementor-widget-image\" data-id=\"93f7133\" data-element_type=\"widget\" data-widget_type=\"image.default\">\n\t\t\t\t<div class=\"elementor-widget-container\">\n\t\t\t\t\t\t\t\t\t\t\t\t\t<img fetchpriority=\"high\" decoding=\"async\" width=\"534\" height=\"597\" src=\"https:\/\/techurate.com\/wp-content\/uploads\/2022\/09\/image-66.jpg\" class=\"attachment-large size-large wp-image-5269\" alt=\"\" srcset=\"https:\/\/techurate.com\/wp-content\/uploads\/2022\/09\/image-66.jpg 534w, https:\/\/techurate.com\/wp-content\/uploads\/2022\/09\/image-66-200x224.jpg 200w\" sizes=\"(max-width: 534px) 100vw, 534px\" \/>\t\t\t\t\t\t\t\t\t\t\t\t\t<\/div>\n\t\t\t\t<\/div>\n\t\t\t\t\t<\/div>\n\t\t<\/div>\n\t\t\t\t<div class=\"aux-parallax-section elementor-column elementor-col-66 elementor-top-column elementor-element elementor-element-59e9624\" data-id=\"59e9624\" data-element_type=\"column\">\n\t\t\t<div class=\"elementor-widget-wrap elementor-element-populated\">\n\t\t\t\t\t\t<div class=\"elementor-element elementor-element-eb8801e elementor-widget elementor-widget-text-editor\" data-id=\"eb8801e\" data-element_type=\"widget\" data-widget_type=\"text-editor.default\">\n\t\t\t\t<div class=\"elementor-widget-container\">\n\t\t\t\t\t\t\t<p>Techurate Systems Pvt. Ltd. ofrece s\u00f3lidas soluciones tecnol\u00f3gicas para bancos e instituciones financieras que proporcionan mayor agilidad, un valor empresarial cuantificable y mejoran la experiencia general del cliente. Ofrecen productos en las \u00e1reas de banca por internet, banca m\u00f3vil, pagos digitales, an\u00e1lisis, conciliaci\u00f3n y educaci\u00f3n financiera. Techurate Systems Private se constituy\u00f3 el 16 de junio de 2015 y tiene su sede en Bengaluru (India).<\/p>\n<p>Antes de la implantaci\u00f3n, Zanaco contaba con procesos manuales para la conciliaci\u00f3n y dedicaba una cantidad significativa de tiempo y recursos a los mismos. Los procesos de conciliaci\u00f3n manual llevan mucho tiempo, requieren la introducci\u00f3n manual de datos, son propensos a errores que dan lugar a una baja precisi\u00f3n y requieren la intervenci\u00f3n humana para resolverlos.<br \/>errores, requieren la generaci\u00f3n manual de informes o la comprobaci\u00f3n del estado de las transacciones, y carecen de visibilidad en tiempo real que pueda ayudar a las organizaciones a supervisar y resolver los problemas.<\/p>\n<h4>La lista de m\u00f3dulos implantados es la siguiente:<\/h4>\n<ul>\n<li>Canales electr\u00f3nicos<\/li>\n<li>Cajeros autom\u00e1ticos, incluidos los que aceptan dep\u00f3sitos, y excepciones (repliegues, tiempos de espera de transacciones de host, cajeros autom\u00e1ticos, etc.)Electricidad (ZESCO)AirtelMTNZamtelPOS (comerciante y agente)<\/li>\n<li>Pagos con tarjeta<\/li>\n<li>Conciliaci\u00f3n VISAConciliaci\u00f3n MasterCardFISP (Programa de Apoyo a los Insumos Agr\u00edcolas)<\/li>\n<li>Pagos nacionales<\/li>\n<li>Transferencia electr\u00f3nica de fondos<\/li>\n<li>Finanzas<\/li>\n<li>Env\u00edos de GL de sucursales Env\u00edos de GL de cajeros autom\u00e1ticosEnv\u00edos de sucursalesEnv\u00edos de VAULT<\/li>\n<\/ul>\n\t\t\t\t\t\t<\/div>\n\t\t\t\t<\/div>\n\t\t\t\t\t<\/div>\n\t\t<\/div>\n\t\t\t\t\t<\/div>\n\t\t<\/section>\n\t\t\t\t<section class=\"elementor-section elementor-top-section elementor-element elementor-element-daef133 elementor-section-boxed elementor-section-height-default elementor-section-height-default\" data-id=\"daef133\" data-element_type=\"section\">\n\t\t\t\t\t\t<div class=\"elementor-container elementor-column-gap-default\">\n\t\t\t\t\t<div class=\"aux-parallax-section elementor-column elementor-col-50 elementor-top-column elementor-element elementor-element-174f496\" data-id=\"174f496\" data-element_type=\"column\">\n\t\t\t<div class=\"elementor-widget-wrap elementor-element-populated\">\n\t\t\t\t\t\t<div class=\"elementor-element elementor-element-1242a86 elementor-widget elementor-widget-text-editor\" data-id=\"1242a86\" data-element_type=\"widget\" data-widget_type=\"text-editor.default\">\n\t\t\t\t<div class=\"elementor-widget-container\">\n\t\t\t\t\t\t\t<p>La implantaci\u00f3n se realiz\u00f3 en todo el banco e implic\u00f3 un nivel moderado de requisitos de personalizaci\u00f3n seg\u00fan los flujos de trabajo de Zanaco. El principal reto al que se enfrent\u00f3 el equipo de implantaci\u00f3n fue la migraci\u00f3n de los datos hist\u00f3ricos del sistema Flexcube al nuevo sistema, que se resolvi\u00f3 mediante la creaci\u00f3n de puestos de trabajo en Oracle. La aplicaci\u00f3n fue un \u00e9xito y concluy\u00f3 en el plazo previsto de tres meses.<\/p>\n<div class=\"col-md-12 col-xs-12\">\n<p>La aplicaci\u00f3n se tradujo en una mejora de la eficiencia del 90% en la conciliaci\u00f3n, con la reasignaci\u00f3n del personal a otras operaciones cr\u00edticas, y la certificaci\u00f3n autom\u00e1tica del 100% de las conciliaciones. Zanaco dedica ahora m\u00e1s recursos al an\u00e1lisis de la calidad, en lugar de introducir y revisar los datos manualmente. La certificaci\u00f3n autom\u00e1tica de conciliaciones de bajo riesgo basadas en reglas reduce en gran medida el trabajo manual y desplaza la atenci\u00f3n hacia actividades de valor a\u00f1adido y an\u00e1lisis.<\/p>\n<\/p>\n<\/div>\n\t\t\t\t\t\t<\/div>\n\t\t\t\t<\/div>\n\t\t\t\t\t<\/div>\n\t\t<\/div>\n\t\t\t\t<div class=\"aux-parallax-section elementor-column elementor-col-50 elementor-top-column elementor-element elementor-element-2c0ca31\" data-id=\"2c0ca31\" data-element_type=\"column\">\n\t\t\t<div class=\"elementor-widget-wrap elementor-element-populated\">\n\t\t\t\t\t\t<div class=\"elementor-element elementor-element-b4a85bb elementor-widget elementor-widget-image\" data-id=\"b4a85bb\" data-element_type=\"widget\" data-widget_type=\"image.default\">\n\t\t\t\t<div class=\"elementor-widget-container\">\n\t\t\t\t\t\t\t\t\t\t\t\t\t<img decoding=\"async\" width=\"490\" height=\"352\" src=\"https:\/\/techurate.com\/wp-content\/uploads\/2022\/09\/image-64.png\" class=\"attachment-large size-large wp-image-5272\" alt=\"\" srcset=\"https:\/\/techurate.com\/wp-content\/uploads\/2022\/09\/image-64.png 490w, https:\/\/techurate.com\/wp-content\/uploads\/2022\/09\/image-64-200x144.png 200w\" sizes=\"(max-width: 490px) 100vw, 490px\" \/>\t\t\t\t\t\t\t\t\t\t\t\t\t<\/div>\n\t\t\t\t<\/div>\n\t\t\t\t\t<\/div>\n\t\t<\/div>\n\t\t\t\t\t<\/div>\n\t\t<\/section>\n\t\t\t\t<section class=\"elementor-section elementor-top-section elementor-element elementor-element-13a2ef0 elementor-section-boxed elementor-section-height-default elementor-section-height-default\" data-id=\"13a2ef0\" data-element_type=\"section\">\n\t\t\t\t\t\t<div class=\"elementor-container elementor-column-gap-default\">\n\t\t\t\t\t<div class=\"aux-parallax-section elementor-column elementor-col-50 elementor-top-column elementor-element elementor-element-07af7c5\" data-id=\"07af7c5\" data-element_type=\"column\">\n\t\t\t<div class=\"elementor-widget-wrap elementor-element-populated\">\n\t\t\t\t\t\t<div class=\"elementor-element elementor-element-03575df elementor-widget elementor-widget-text-editor\" data-id=\"03575df\" data-element_type=\"widget\" data-widget_type=\"text-editor.default\">\n\t\t\t\t<div class=\"elementor-widget-container\">\n\t\t\t\t\t\t\t<h3>Ahorro de costes:<\/h3>\n<p>La automatizaci\u00f3n de la conciliaci\u00f3n reduce significativamente los costes de procesamiento y los consiguientes costes de auditor\u00eda. La reducci\u00f3n del riesgo y la mejora de la supervisi\u00f3n permiten ahorrar costes.<\/p>\n<h3>Mayor precisi\u00f3n de los datos:<\/h3>\n<p>La automatizaci\u00f3n de la conciliaci\u00f3n elimina el riesgo de error humano, incluidas las imprecisiones en la introducci\u00f3n de datos, proporcionando as\u00ed una capa vital de control.<\/p>\n<h3>Detecci\u00f3n de excepciones mejorada:<\/h3>\n<p>La conciliaci\u00f3n autom\u00e1tica tambi\u00e9n ayuda a detectar excepciones y genera un informe diferente para investigar m\u00e1s a fondo.<\/p>\n\t\t\t\t\t\t<\/div>\n\t\t\t\t<\/div>\n\t\t\t\t\t<\/div>\n\t\t<\/div>\n\t\t\t\t<div class=\"aux-parallax-section elementor-column elementor-col-50 elementor-top-column elementor-element elementor-element-0707f72\" data-id=\"0707f72\" data-element_type=\"column\">\n\t\t\t<div class=\"elementor-widget-wrap elementor-element-populated\">\n\t\t\t\t\t\t<div class=\"elementor-element elementor-element-50c791b elementor-widget elementor-widget-text-editor\" data-id=\"50c791b\" data-element_type=\"widget\" data-widget_type=\"text-editor.default\">\n\t\t\t\t<div class=\"elementor-widget-container\">\n\t\t\t\t\t\t\t<h3>Aumento de la productividad:<\/h3>\n<p>La automatizaci\u00f3n de la conciliaci\u00f3n reduce significativamente los costes de procesamiento y los consiguientes costes de auditor\u00eda. La reducci\u00f3n del riesgo y la mejora de la supervisi\u00f3n permiten ahorrar costes.<\/p>\n<h3>Mayor control de la conciliaci\u00f3n y mejora del cumplimiento:<\/h3>\n<p>Una organizaci\u00f3n que no utilice procesos de conciliaci\u00f3n automatizados e integrados carecer\u00e1 de la capacidad de mantener una visi\u00f3n precisa y actualizada de sus finanzas, lo que la expondr\u00e1 a un proceso de conciliaci\u00f3n deficiente y a problemas de cumplimiento. La conciliaci\u00f3n autom\u00e1tica garantiza la exactitud del registro, la validaci\u00f3n, la consolidaci\u00f3n y la elaboraci\u00f3n de informes.<\/p>\n\t\t\t\t\t\t<\/div>\n\t\t\t\t<\/div>\n\t\t\t\t\t<\/div>\n\t\t<\/div>\n\t\t\t\t\t<\/div>\n\t\t<\/section>\n\t\t\t\t<\/div>\n\t\t","protected":false},"excerpt":{"rendered":"<p>Zanaco implanta el sistema Recons de Techurate Publicado el 7 de febrero de 2022 Zambia National Commercial Bank Plc, conocido com\u00fanmente por el nombre de \u00abZanaco\u00bb, es un banco comercial que presta servicios a clientes minoristas, grandes empresas, empresas agr\u00edcolas y clientes del sector p\u00fablico en Zambia. Con la ayuda de Rabobank, una multinacional holandesa [&hellip;]<\/p>\n","protected":false},"author":1,"featured_media":0,"parent":0,"menu_order":0,"comment_status":"closed","ping_status":"closed","template":"","meta":{"footnotes":""},"class_list":["post-7051","page","type-page","status-publish","hentry"],"yoast_head":"<!-- This site is optimized with the Yoast SEO plugin v23.8 - https:\/\/yoast.com\/wordpress\/plugins\/seo\/ -->\n<title>Zanaco implanta el sistema Recons de Techurate - Techurate<\/title>\n<meta name=\"robots\" content=\"index, follow, max-snippet:-1, max-image-preview:large, max-video-preview:-1\" \/>\n<link rel=\"canonical\" href=\"https:\/\/techurate.com\/es\/zanaco-implanta-el-sistema-recons-de-techurate\/\" \/>\n<meta property=\"og:locale\" content=\"es_ES\" \/>\n<meta property=\"og:type\" content=\"article\" \/>\n<meta property=\"og:title\" content=\"Zanaco implanta el sistema Recons de Techurate - Techurate\" \/>\n<meta property=\"og:description\" content=\"Zanaco implanta el sistema Recons de Techurate Publicado el 7 de febrero de 2022 Zambia National Commercial Bank Plc, conocido com\u00fanmente por el nombre de \u00abZanaco\u00bb, es un banco comercial que presta servicios a clientes minoristas, grandes empresas, empresas agr\u00edcolas y clientes del sector p\u00fablico en Zambia. Con la ayuda de Rabobank, una multinacional holandesa [&hellip;]\" \/>\n<meta property=\"og:url\" content=\"https:\/\/techurate.com\/es\/zanaco-implanta-el-sistema-recons-de-techurate\/\" \/>\n<meta property=\"og:site_name\" content=\"Techurate\" \/>\n<meta property=\"article:modified_time\" content=\"2023-03-01T14:58:03+00:00\" \/>\n<meta property=\"og:image\" content=\"https:\/\/techurate.com\/wp-content\/uploads\/2022\/09\/image-66.jpg\" \/>\n<meta name=\"twitter:card\" content=\"summary_large_image\" \/>\n<meta name=\"twitter:label1\" content=\"Tiempo de lectura\" \/>\n\t<meta name=\"twitter:data1\" content=\"4 minutos\" \/>\n<script type=\"application\/ld+json\" class=\"yoast-schema-graph\">{\"@context\":\"https:\/\/schema.org\",\"@graph\":[{\"@type\":\"WebPage\",\"@id\":\"https:\/\/techurate.com\/es\/zanaco-implanta-el-sistema-recons-de-techurate\/\",\"url\":\"https:\/\/techurate.com\/es\/zanaco-implanta-el-sistema-recons-de-techurate\/\",\"name\":\"Zanaco implanta el sistema Recons de Techurate - Techurate\",\"isPartOf\":{\"@id\":\"https:\/\/techurate.com\/es\/#website\"},\"primaryImageOfPage\":{\"@id\":\"https:\/\/techurate.com\/es\/zanaco-implanta-el-sistema-recons-de-techurate\/#primaryimage\"},\"image\":{\"@id\":\"https:\/\/techurate.com\/es\/zanaco-implanta-el-sistema-recons-de-techurate\/#primaryimage\"},\"thumbnailUrl\":\"https:\/\/techurate.com\/wp-content\/uploads\/2022\/09\/image-66.jpg\",\"datePublished\":\"2022-09-21T15:14:12+00:00\",\"dateModified\":\"2023-03-01T14:58:03+00:00\",\"breadcrumb\":{\"@id\":\"https:\/\/techurate.com\/es\/zanaco-implanta-el-sistema-recons-de-techurate\/#breadcrumb\"},\"inLanguage\":\"es\",\"potentialAction\":[{\"@type\":\"ReadAction\",\"target\":[\"https:\/\/techurate.com\/es\/zanaco-implanta-el-sistema-recons-de-techurate\/\"]}]},{\"@type\":\"ImageObject\",\"inLanguage\":\"es\",\"@id\":\"https:\/\/techurate.com\/es\/zanaco-implanta-el-sistema-recons-de-techurate\/#primaryimage\",\"url\":\"https:\/\/techurate.com\/wp-content\/uploads\/2022\/09\/image-66.jpg\",\"contentUrl\":\"https:\/\/techurate.com\/wp-content\/uploads\/2022\/09\/image-66.jpg\"},{\"@type\":\"BreadcrumbList\",\"@id\":\"https:\/\/techurate.com\/es\/zanaco-implanta-el-sistema-recons-de-techurate\/#breadcrumb\",\"itemListElement\":[{\"@type\":\"ListItem\",\"position\":1,\"name\":\"Home\",\"item\":\"https:\/\/techurate.com\/es\/\"},{\"@type\":\"ListItem\",\"position\":2,\"name\":\"Zanaco implanta el sistema Recons de Techurate\"}]},{\"@type\":\"WebSite\",\"@id\":\"https:\/\/techurate.com\/es\/#website\",\"url\":\"https:\/\/techurate.com\/es\/\",\"name\":\"Techurate\",\"description\":\"Trusted Digital Banking Universe\",\"publisher\":{\"@id\":\"https:\/\/techurate.com\/es\/#organization\"},\"potentialAction\":[{\"@type\":\"SearchAction\",\"target\":{\"@type\":\"EntryPoint\",\"urlTemplate\":\"https:\/\/techurate.com\/es\/?s={search_term_string}\"},\"query-input\":{\"@type\":\"PropertyValueSpecification\",\"valueRequired\":true,\"valueName\":\"search_term_string\"}}],\"inLanguage\":\"es\"},{\"@type\":\"Organization\",\"@id\":\"https:\/\/techurate.com\/es\/#organization\",\"name\":\"techurate\",\"url\":\"https:\/\/techurate.com\/es\/\",\"logo\":{\"@type\":\"ImageObject\",\"inLanguage\":\"es\",\"@id\":\"https:\/\/techurate.com\/es\/#\/schema\/logo\/image\/\",\"url\":\"https:\/\/techurate.com\/wp-content\/uploads\/2022\/10\/techurate.png\",\"contentUrl\":\"https:\/\/techurate.com\/wp-content\/uploads\/2022\/10\/techurate.png\",\"width\":200,\"height\":70,\"caption\":\"techurate\"},\"image\":{\"@id\":\"https:\/\/techurate.com\/es\/#\/schema\/logo\/image\/\"}}]}<\/script>\n<!-- \/ Yoast SEO plugin. -->","yoast_head_json":{"title":"Zanaco implanta el sistema Recons de Techurate - Techurate","robots":{"index":"index","follow":"follow","max-snippet":"max-snippet:-1","max-image-preview":"max-image-preview:large","max-video-preview":"max-video-preview:-1"},"canonical":"https:\/\/techurate.com\/es\/zanaco-implanta-el-sistema-recons-de-techurate\/","og_locale":"es_ES","og_type":"article","og_title":"Zanaco implanta el sistema Recons de Techurate - Techurate","og_description":"Zanaco implanta el sistema Recons de Techurate Publicado el 7 de febrero de 2022 Zambia National Commercial Bank Plc, conocido com\u00fanmente por el nombre de \u00abZanaco\u00bb, es un banco comercial que presta servicios a clientes minoristas, grandes empresas, empresas agr\u00edcolas y clientes del sector p\u00fablico en Zambia. Con la ayuda de Rabobank, una multinacional holandesa [&hellip;]","og_url":"https:\/\/techurate.com\/es\/zanaco-implanta-el-sistema-recons-de-techurate\/","og_site_name":"Techurate","article_modified_time":"2023-03-01T14:58:03+00:00","og_image":[{"url":"https:\/\/techurate.com\/wp-content\/uploads\/2022\/09\/image-66.jpg"}],"twitter_card":"summary_large_image","twitter_misc":{"Tiempo de lectura":"4 minutos"},"schema":{"@context":"https:\/\/schema.org","@graph":[{"@type":"WebPage","@id":"https:\/\/techurate.com\/es\/zanaco-implanta-el-sistema-recons-de-techurate\/","url":"https:\/\/techurate.com\/es\/zanaco-implanta-el-sistema-recons-de-techurate\/","name":"Zanaco implanta el sistema Recons de Techurate - Techurate","isPartOf":{"@id":"https:\/\/techurate.com\/es\/#website"},"primaryImageOfPage":{"@id":"https:\/\/techurate.com\/es\/zanaco-implanta-el-sistema-recons-de-techurate\/#primaryimage"},"image":{"@id":"https:\/\/techurate.com\/es\/zanaco-implanta-el-sistema-recons-de-techurate\/#primaryimage"},"thumbnailUrl":"https:\/\/techurate.com\/wp-content\/uploads\/2022\/09\/image-66.jpg","datePublished":"2022-09-21T15:14:12+00:00","dateModified":"2023-03-01T14:58:03+00:00","breadcrumb":{"@id":"https:\/\/techurate.com\/es\/zanaco-implanta-el-sistema-recons-de-techurate\/#breadcrumb"},"inLanguage":"es","potentialAction":[{"@type":"ReadAction","target":["https:\/\/techurate.com\/es\/zanaco-implanta-el-sistema-recons-de-techurate\/"]}]},{"@type":"ImageObject","inLanguage":"es","@id":"https:\/\/techurate.com\/es\/zanaco-implanta-el-sistema-recons-de-techurate\/#primaryimage","url":"https:\/\/techurate.com\/wp-content\/uploads\/2022\/09\/image-66.jpg","contentUrl":"https:\/\/techurate.com\/wp-content\/uploads\/2022\/09\/image-66.jpg"},{"@type":"BreadcrumbList","@id":"https:\/\/techurate.com\/es\/zanaco-implanta-el-sistema-recons-de-techurate\/#breadcrumb","itemListElement":[{"@type":"ListItem","position":1,"name":"Home","item":"https:\/\/techurate.com\/es\/"},{"@type":"ListItem","position":2,"name":"Zanaco implanta el sistema Recons de Techurate"}]},{"@type":"WebSite","@id":"https:\/\/techurate.com\/es\/#website","url":"https:\/\/techurate.com\/es\/","name":"Techurate","description":"Trusted Digital Banking Universe","publisher":{"@id":"https:\/\/techurate.com\/es\/#organization"},"potentialAction":[{"@type":"SearchAction","target":{"@type":"EntryPoint","urlTemplate":"https:\/\/techurate.com\/es\/?s={search_term_string}"},"query-input":{"@type":"PropertyValueSpecification","valueRequired":true,"valueName":"search_term_string"}}],"inLanguage":"es"},{"@type":"Organization","@id":"https:\/\/techurate.com\/es\/#organization","name":"techurate","url":"https:\/\/techurate.com\/es\/","logo":{"@type":"ImageObject","inLanguage":"es","@id":"https:\/\/techurate.com\/es\/#\/schema\/logo\/image\/","url":"https:\/\/techurate.com\/wp-content\/uploads\/2022\/10\/techurate.png","contentUrl":"https:\/\/techurate.com\/wp-content\/uploads\/2022\/10\/techurate.png","width":200,"height":70,"caption":"techurate"},"image":{"@id":"https:\/\/techurate.com\/es\/#\/schema\/logo\/image\/"}}]}},"_links":{"self":[{"href":"https:\/\/techurate.com\/es\/wp-json\/wp\/v2\/pages\/7051","targetHints":{"allow":["GET"]}}],"collection":[{"href":"https:\/\/techurate.com\/es\/wp-json\/wp\/v2\/pages"}],"about":[{"href":"https:\/\/techurate.com\/es\/wp-json\/wp\/v2\/types\/page"}],"author":[{"embeddable":true,"href":"https:\/\/techurate.com\/es\/wp-json\/wp\/v2\/users\/1"}],"replies":[{"embeddable":true,"href":"https:\/\/techurate.com\/es\/wp-json\/wp\/v2\/comments?post=7051"}],"version-history":[{"count":4,"href":"https:\/\/techurate.com\/es\/wp-json\/wp\/v2\/pages\/7051\/revisions"}],"predecessor-version":[{"id":7066,"href":"https:\/\/techurate.com\/es\/wp-json\/wp\/v2\/pages\/7051\/revisions\/7066"}],"wp:attachment":[{"href":"https:\/\/techurate.com\/es\/wp-json\/wp\/v2\/media?parent=7051"}],"curies":[{"name":"wp","href":"https:\/\/api.w.org\/{rel}","templated":true}]}}