{"id":6679,"date":"2022-08-20T17:57:27","date_gmt":"2022-08-20T17:57:27","guid":{"rendered":"https:\/\/techurate.com\/integracion\/"},"modified":"2023-02-04T16:29:44","modified_gmt":"2023-02-04T16:29:44","slug":"integracion","status":"publish","type":"page","link":"https:\/\/techurate.com\/es\/integracion\/","title":{"rendered":"Integraci\u00f3n"},"content":{"rendered":"\t\t<div data-elementor-type=\"wp-page\" data-elementor-id=\"6679\" class=\"elementor elementor-6679 elementor-152\" data-elementor-post-type=\"page\">\n\t\t\t\t\t\t<section class=\"elementor-section elementor-top-section elementor-element elementor-element-3a38e44 elementor-section-boxed elementor-section-height-default elementor-section-height-default\" data-id=\"3a38e44\" data-element_type=\"section\">\n\t\t\t\t\t\t<div class=\"elementor-container elementor-column-gap-default\">\n\t\t\t\t\t<div class=\"aux-parallax-section elementor-column elementor-col-100 elementor-top-column elementor-element elementor-element-b104ccf\" data-id=\"b104ccf\" data-element_type=\"column\">\n\t\t\t<div class=\"elementor-widget-wrap elementor-element-populated\">\n\t\t\t\t\t\t<div class=\"elementor-element elementor-element-0619d65 elementor-widget elementor-widget-heading\" data-id=\"0619d65\" data-element_type=\"widget\" data-widget_type=\"heading.default\">\n\t\t\t\t<div class=\"elementor-widget-container\">\n\t\t\t<h2 class=\"elementor-heading-title elementor-size-default\"><h3 style=\"font-family: Poppins, sans-serif;line-height: 56px;margin: 0px 0px 15px;font-size: 40px;padding: 0px;clear: both;letter-spacing: normal;max-width: var(--global--spacing-measure);white-space: normal\">Integraci\u00f3n<\/h3><\/h2>\t\t<\/div>\n\t\t\t\t<\/div>\n\t\t\t\t\t<\/div>\n\t\t<\/div>\n\t\t\t\t\t<\/div>\n\t\t<\/section>\n\t\t\t\t<\/div>\n\t\t","protected":false},"excerpt":{"rendered":"<p>Integraci\u00f3n<\/p>\n","protected":false},"author":1,"featured_media":0,"parent":0,"menu_order":0,"comment_status":"closed","ping_status":"closed","template":"","meta":{"footnotes":""},"class_list":["post-6679","page","type-page","status-publish","hentry"],"yoast_head":"<!-- This site is optimized with the Yoast SEO plugin v23.8 - https:\/\/yoast.com\/wordpress\/plugins\/seo\/ -->\n<title>Integraci\u00f3n inteligente - Techurate<\/title>\n<meta name=\"description\" content=\"Difundimos Open Banking a trav\u00e9s de nuestro m\u00f3dulo API Manager. La forma m\u00e1s f\u00e1cil y segura para los bancos de conectarse a aplicaciones de consumo de terceros.\" \/>\n<meta name=\"robots\" content=\"index, follow, max-snippet:-1, max-image-preview:large, max-video-preview:-1\" \/>\n<link rel=\"canonical\" href=\"https:\/\/techurate.com\/es\/integracion\/\" \/>\n<meta property=\"og:locale\" content=\"es_ES\" \/>\n<meta property=\"og:type\" content=\"article\" \/>\n<meta property=\"og:title\" content=\"Integraci\u00f3n inteligente - Techurate\" \/>\n<meta property=\"og:description\" content=\"Difundimos Open Banking a trav\u00e9s de nuestro m\u00f3dulo API Manager. La forma m\u00e1s f\u00e1cil y segura para los bancos de conectarse a aplicaciones de consumo de terceros.\" \/>\n<meta property=\"og:url\" content=\"https:\/\/techurate.com\/es\/integracion\/\" \/>\n<meta property=\"og:site_name\" content=\"Techurate\" \/>\n<meta property=\"article:modified_time\" content=\"2023-02-04T16:29:44+00:00\" \/>\n<meta name=\"twitter:card\" content=\"summary_large_image\" \/>\n<script type=\"application\/ld+json\" class=\"yoast-schema-graph\">{\"@context\":\"https:\/\/schema.org\",\"@graph\":[{\"@type\":\"WebPage\",\"@id\":\"https:\/\/techurate.com\/es\/integracion\/\",\"url\":\"https:\/\/techurate.com\/es\/integracion\/\",\"name\":\"Integraci\u00f3n inteligente - Techurate\",\"isPartOf\":{\"@id\":\"https:\/\/techurate.com\/es\/#website\"},\"datePublished\":\"2022-08-20T17:57:27+00:00\",\"dateModified\":\"2023-02-04T16:29:44+00:00\",\"description\":\"Difundimos Open Banking a trav\u00e9s de nuestro m\u00f3dulo API Manager. La forma m\u00e1s f\u00e1cil y segura para los bancos de conectarse a aplicaciones de consumo de terceros.\",\"breadcrumb\":{\"@id\":\"https:\/\/techurate.com\/es\/integracion\/#breadcrumb\"},\"inLanguage\":\"es\",\"potentialAction\":[{\"@type\":\"ReadAction\",\"target\":[\"https:\/\/techurate.com\/es\/integracion\/\"]}]},{\"@type\":\"BreadcrumbList\",\"@id\":\"https:\/\/techurate.com\/es\/integracion\/#breadcrumb\",\"itemListElement\":[{\"@type\":\"ListItem\",\"position\":1,\"name\":\"Home\",\"item\":\"https:\/\/techurate.com\/es\/\"},{\"@type\":\"ListItem\",\"position\":2,\"name\":\"Integraci\u00f3n\"}]},{\"@type\":\"WebSite\",\"@id\":\"https:\/\/techurate.com\/es\/#website\",\"url\":\"https:\/\/techurate.com\/es\/\",\"name\":\"Techurate\",\"description\":\"Trusted Digital Banking Universe\",\"publisher\":{\"@id\":\"https:\/\/techurate.com\/es\/#organization\"},\"potentialAction\":[{\"@type\":\"SearchAction\",\"target\":{\"@type\":\"EntryPoint\",\"urlTemplate\":\"https:\/\/techurate.com\/es\/?s={search_term_string}\"},\"query-input\":{\"@type\":\"PropertyValueSpecification\",\"valueRequired\":true,\"valueName\":\"search_term_string\"}}],\"inLanguage\":\"es\"},{\"@type\":\"Organization\",\"@id\":\"https:\/\/techurate.com\/es\/#organization\",\"name\":\"techurate\",\"url\":\"https:\/\/techurate.com\/es\/\",\"logo\":{\"@type\":\"ImageObject\",\"inLanguage\":\"es\",\"@id\":\"https:\/\/techurate.com\/es\/#\/schema\/logo\/image\/\",\"url\":\"https:\/\/techurate.com\/wp-content\/uploads\/2022\/10\/techurate.png\",\"contentUrl\":\"https:\/\/techurate.com\/wp-content\/uploads\/2022\/10\/techurate.png\",\"width\":200,\"height\":70,\"caption\":\"techurate\"},\"image\":{\"@id\":\"https:\/\/techurate.com\/es\/#\/schema\/logo\/image\/\"}}]}<\/script>\n<!-- \/ Yoast SEO plugin. -->","yoast_head_json":{"title":"Integraci\u00f3n inteligente - Techurate","description":"Difundimos Open Banking a trav\u00e9s de nuestro m\u00f3dulo API Manager. La forma m\u00e1s f\u00e1cil y segura para los bancos de conectarse a aplicaciones de consumo de terceros.","robots":{"index":"index","follow":"follow","max-snippet":"max-snippet:-1","max-image-preview":"max-image-preview:large","max-video-preview":"max-video-preview:-1"},"canonical":"https:\/\/techurate.com\/es\/integracion\/","og_locale":"es_ES","og_type":"article","og_title":"Integraci\u00f3n inteligente - Techurate","og_description":"Difundimos Open Banking a trav\u00e9s de nuestro m\u00f3dulo API Manager. La forma m\u00e1s f\u00e1cil y segura para los bancos de conectarse a aplicaciones de consumo de terceros.","og_url":"https:\/\/techurate.com\/es\/integracion\/","og_site_name":"Techurate","article_modified_time":"2023-02-04T16:29:44+00:00","twitter_card":"summary_large_image","schema":{"@context":"https:\/\/schema.org","@graph":[{"@type":"WebPage","@id":"https:\/\/techurate.com\/es\/integracion\/","url":"https:\/\/techurate.com\/es\/integracion\/","name":"Integraci\u00f3n inteligente - Techurate","isPartOf":{"@id":"https:\/\/techurate.com\/es\/#website"},"datePublished":"2022-08-20T17:57:27+00:00","dateModified":"2023-02-04T16:29:44+00:00","description":"Difundimos Open Banking a trav\u00e9s de nuestro m\u00f3dulo API Manager. La forma m\u00e1s f\u00e1cil y segura para los bancos de conectarse a aplicaciones de consumo de terceros.","breadcrumb":{"@id":"https:\/\/techurate.com\/es\/integracion\/#breadcrumb"},"inLanguage":"es","potentialAction":[{"@type":"ReadAction","target":["https:\/\/techurate.com\/es\/integracion\/"]}]},{"@type":"BreadcrumbList","@id":"https:\/\/techurate.com\/es\/integracion\/#breadcrumb","itemListElement":[{"@type":"ListItem","position":1,"name":"Home","item":"https:\/\/techurate.com\/es\/"},{"@type":"ListItem","position":2,"name":"Integraci\u00f3n"}]},{"@type":"WebSite","@id":"https:\/\/techurate.com\/es\/#website","url":"https:\/\/techurate.com\/es\/","name":"Techurate","description":"Trusted Digital Banking Universe","publisher":{"@id":"https:\/\/techurate.com\/es\/#organization"},"potentialAction":[{"@type":"SearchAction","target":{"@type":"EntryPoint","urlTemplate":"https:\/\/techurate.com\/es\/?s={search_term_string}"},"query-input":{"@type":"PropertyValueSpecification","valueRequired":true,"valueName":"search_term_string"}}],"inLanguage":"es"},{"@type":"Organization","@id":"https:\/\/techurate.com\/es\/#organization","name":"techurate","url":"https:\/\/techurate.com\/es\/","logo":{"@type":"ImageObject","inLanguage":"es","@id":"https:\/\/techurate.com\/es\/#\/schema\/logo\/image\/","url":"https:\/\/techurate.com\/wp-content\/uploads\/2022\/10\/techurate.png","contentUrl":"https:\/\/techurate.com\/wp-content\/uploads\/2022\/10\/techurate.png","width":200,"height":70,"caption":"techurate"},"image":{"@id":"https:\/\/techurate.com\/es\/#\/schema\/logo\/image\/"}}]}},"_links":{"self":[{"href":"https:\/\/techurate.com\/es\/wp-json\/wp\/v2\/pages\/6679","targetHints":{"allow":["GET"]}}],"collection":[{"href":"https:\/\/techurate.com\/es\/wp-json\/wp\/v2\/pages"}],"about":[{"href":"https:\/\/techurate.com\/es\/wp-json\/wp\/v2\/types\/page"}],"author":[{"embeddable":true,"href":"https:\/\/techurate.com\/es\/wp-json\/wp\/v2\/users\/1"}],"replies":[{"embeddable":true,"href":"https:\/\/techurate.com\/es\/wp-json\/wp\/v2\/comments?post=6679"}],"version-history":[{"count":2,"href":"https:\/\/techurate.com\/es\/wp-json\/wp\/v2\/pages\/6679\/revisions"}],"predecessor-version":[{"id":6684,"href":"https:\/\/techurate.com\/es\/wp-json\/wp\/v2\/pages\/6679\/revisions\/6684"}],"wp:attachment":[{"href":"https:\/\/techurate.com\/es\/wp-json\/wp\/v2\/media?parent=6679"}],"curies":[{"name":"wp","href":"https:\/\/api.w.org\/{rel}","templated":true}]}}